{"id":5227,"date":"2024-12-01T21:03:02","date_gmt":"2024-12-01T21:03:02","guid":{"rendered":"https:\/\/c-curves.com\/?post_type=product&#038;p=5227"},"modified":"2025-09-17T22:57:31","modified_gmt":"2025-09-17T22:57:31","slug":"super-beauty-body-gel-hot-effect","status":"publish","type":"product","link":"https:\/\/c-curves.com\/en\/product\/super-beauty-body-gel-hot-effect\/","title":{"rendered":"Super Beauty Body Gel Hot Effect"},"content":{"rendered":"<ul>\n<li><span class=\"m_-5683176142435572019gmail-a-list-item\">Ayuda a Modelar la figura.<\/span><\/li>\n<li><span class=\"m_-5683176142435572019gmail-a-list-item\">Act\u00faa como Emoliente, Humectante y favorece la elasticidad de la piel ayudando a la quema de grasa LOCALIZADA.<\/span><\/li>\n<li>Contienen taninos y sales que ayudan con la circulaci\u00f3n sanguinea.<\/li>\n<li>Efecto drenante Gracias a los extractos de Hiedra.<\/li>\n<li><span class=\"m_-5683176142435572019gmail-a-list-item\">Trata y Previene la piel de naranja.<\/span><\/li>\n<li><span class=\"m_-5683176142435572019gmail-a-list-item\">EL fucus de Algas Marinas Acelera el proceso de depuraci\u00f3n de Toxinas y logra la movilizaci\u00f3n de dep\u00f3sitos de grasa Acumulada.<\/span><\/li>\n<\/ul>","protected":false},"excerpt":{"rendered":"<ul>\n<li><span class=\"m_-5683176142435572019gmail-a-list-item\">Ayuda a Modelar la figura.<\/span><\/li>\n<li><span class=\"m_-5683176142435572019gmail-a-list-item\">Act\u00faa como Emoliente, Humectante y favorece la elasticidad de la piel ayudando a la quema de grasa LOCALIZADA.<\/span><\/li>\n<li>Contienen taninos y sales que ayudan con la circulaci\u00f3n sanguinea.<\/li>\n<li>Efecto drenante Gracias a los extractos de Hiedra.<\/li>\n<li><span class=\"m_-5683176142435572019gmail-a-list-item\">Trata y Previene la piel de naranja.<\/span><\/li>\n<li><span class=\"m_-5683176142435572019gmail-a-list-item\">EL fucus de Algas Marinas Acelera el proceso de depuraci\u00f3n de Toxinas y logra la movilizaci\u00f3n de dep\u00f3sitos de grasa Acumulada.<\/span><\/li>\n<\/ul>","protected":false},"featured_media":5228,"comment_status":"open","ping_status":"closed","template":"","meta":{"site-sidebar-layout":"default","site-content-layout":"","ast-site-content-layout":"default","site-content-style":"default","site-sidebar-style":"default","ast-global-header-display":"","ast-banner-title-visibility":"","ast-main-header-display":"","ast-hfb-above-header-display":"","ast-hfb-below-header-display":"","ast-hfb-mobile-header-display":"","site-post-title":"","ast-breadcrumbs-content":"","ast-featured-img":"","footer-sml-layout":"","ast-disable-related-posts":"","theme-transparent-header-meta":"default","adv-header-id-meta":"","stick-header-meta":"","header-above-stick-meta":"","header-main-stick-meta":"","header-below-stick-meta":"","astra-migrate-meta-layouts":"set","ast-page-background-enabled":"default","ast-page-background-meta":{"desktop":{"background-color":"","background-image":"","background-repeat":"repeat","background-position":"center center","background-size":"auto","background-attachment":"scroll","background-type":"","background-media":"","overlay-type":"","overlay-color":"","overlay-opacity":"","overlay-gradient":""},"tablet":{"background-color":"","background-image":"","background-repeat":"repeat","background-position":"center center","background-size":"auto","background-attachment":"scroll","background-type":"","background-media":"","overlay-type":"","overlay-color":"","overlay-opacity":"","overlay-gradient":""},"mobile":{"background-color":"","background-image":"","background-repeat":"repeat","background-position":"center center","background-size":"auto","background-attachment":"scroll","background-type":"","background-media":"","overlay-type":"","overlay-color":"","overlay-opacity":"","overlay-gradient":""}},"ast-content-background-meta":{"desktop":{"background-color":"var(--ast-global-color-5)","background-image":"","background-repeat":"repeat","background-position":"center center","background-size":"auto","background-attachment":"scroll","background-type":"","background-media":"","overlay-type":"","overlay-color":"","overlay-opacity":"","overlay-gradient":""},"tablet":{"background-color":"var(--ast-global-color-5)","background-image":"","background-repeat":"repeat","background-position":"center center","background-size":"auto","background-attachment":"scroll","background-type":"","background-media":"","overlay-type":"","overlay-color":"","overlay-opacity":"","overlay-gradient":""},"mobile":{"background-color":"var(--ast-global-color-5)","background-image":"","background-repeat":"repeat","background-position":"center center","background-size":"auto","background-attachment":"scroll","background-type":"","background-media":"","overlay-type":"","overlay-color":"","overlay-opacity":"","overlay-gradient":""}}},"product_brand":[],"product_cat":[81],"product_tag":[],"class_list":{"0":"post-5227","1":"product","2":"type-product","3":"status-publish","4":"has-post-thumbnail","6":"product_cat-geles","7":"desktop-align-left","8":"tablet-align-left","9":"mobile-align-left","11":"first","12":"instock","13":"taxable","14":"shipping-taxable","15":"purchasable","16":"product-type-simple"},"_links":{"self":[{"href":"https:\/\/c-curves.com\/en\/wp-json\/wp\/v2\/product\/5227","targetHints":{"allow":["GET"]}}],"collection":[{"href":"https:\/\/c-curves.com\/en\/wp-json\/wp\/v2\/product"}],"about":[{"href":"https:\/\/c-curves.com\/en\/wp-json\/wp\/v2\/types\/product"}],"replies":[{"embeddable":true,"href":"https:\/\/c-curves.com\/en\/wp-json\/wp\/v2\/comments?post=5227"}],"version-history":[{"count":1,"href":"https:\/\/c-curves.com\/en\/wp-json\/wp\/v2\/product\/5227\/revisions"}],"predecessor-version":[{"id":5229,"href":"https:\/\/c-curves.com\/en\/wp-json\/wp\/v2\/product\/5227\/revisions\/5229"}],"wp:featuredmedia":[{"embeddable":true,"href":"https:\/\/c-curves.com\/en\/wp-json\/wp\/v2\/media\/5228"}],"wp:attachment":[{"href":"https:\/\/c-curves.com\/en\/wp-json\/wp\/v2\/media?parent=5227"}],"wp:term":[{"taxonomy":"product_brand","embeddable":true,"href":"https:\/\/c-curves.com\/en\/wp-json\/wp\/v2\/product_brand?post=5227"},{"taxonomy":"product_cat","embeddable":true,"href":"https:\/\/c-curves.com\/en\/wp-json\/wp\/v2\/product_cat?post=5227"},{"taxonomy":"product_tag","embeddable":true,"href":"https:\/\/c-curves.com\/en\/wp-json\/wp\/v2\/product_tag?post=5227"}],"curies":[{"name":"wp","href":"https:\/\/api.w.org\/{rel}","templated":true}]}}