{"id":8016,"date":"2025-10-06T17:59:03","date_gmt":"2025-10-06T17:59:03","guid":{"rendered":"https:\/\/c-curves.com\/?post_type=product&#038;p=8016"},"modified":"2025-10-06T17:59:16","modified_gmt":"2025-10-06T17:59:16","slug":"jeans-tk0553-2","status":"publish","type":"product","link":"https:\/\/c-curves.com\/en\/product\/jeans-tk0553-2\/","title":{"rendered":"Jeans TK0553"},"content":{"rendered":"<p data-start=\"66\" data-end=\"301\">Luce incre\u00edble con estos jeans colombianos de tiro alto en color azul con un exclusivo estampado grabado. Su dise\u00f1o con efecto push-up realza la figura, estilizando las curvas de manera natural y proporcionando un ajuste favorecedor.<\/p>\n<p data-start=\"303\" data-end=\"602\">Elaborados con tela el\u00e1stica de alta calidad, estos jeans brindan confort y libertad de movimiento durante todo el d\u00eda. Su dise\u00f1o incluye un cierre frontal con cuatro botones met\u00e1licos, detalles en los bolsillos y terminaciones ajustables en los tobillos, asegurando un look moderno y sofisticado.<\/p>\n<p data-start=\"604\" data-end=\"787\">Perfectos para combinar con tacones para un outfit elegante o con zapatillas para un estilo m\u00e1s casual. \u00a1Agrega un toque \u00fanico a tu guardarropa con esta prenda vers\u00e1til y a la moda!<\/p>","protected":false},"excerpt":{"rendered":"<p>Jeans azul con estampado grabado, tiro alto y efecto push-up. Dise\u00f1o con cuatro botones y tobillos ajustables. \u00a1Comodidad y estilo en una prenda moderna y vers\u00e1til!<\/p>","protected":false},"featured_media":7269,"comment_status":"open","ping_status":"closed","template":"","meta":{"site-sidebar-layout":"default","site-content-layout":"","ast-site-content-layout":"default","site-content-style":"default","site-sidebar-style":"default","ast-global-header-display":"","ast-banner-title-visibility":"","ast-main-header-display":"","ast-hfb-above-header-display":"","ast-hfb-below-header-display":"","ast-hfb-mobile-header-display":"","site-post-title":"","ast-breadcrumbs-content":"","ast-featured-img":"","footer-sml-layout":"","ast-disable-related-posts":"","theme-transparent-header-meta":"","adv-header-id-meta":"","stick-header-meta":"","header-above-stick-meta":"","header-main-stick-meta":"","header-below-stick-meta":"","astra-migrate-meta-layouts":"default","ast-page-background-enabled":"default","ast-page-background-meta":{"desktop":{"background-color":"","background-image":"","background-repeat":"repeat","background-position":"center center","background-size":"auto","background-attachment":"scroll","background-type":"","background-media":"","overlay-type":"","overlay-color":"","overlay-opacity":"","overlay-gradient":""},"tablet":{"background-color":"","background-image":"","background-repeat":"repeat","background-position":"center center","background-size":"auto","background-attachment":"scroll","background-type":"","background-media":"","overlay-type":"","overlay-color":"","overlay-opacity":"","overlay-gradient":""},"mobile":{"background-color":"","background-image":"","background-repeat":"repeat","background-position":"center center","background-size":"auto","background-attachment":"scroll","background-type":"","background-media":"","overlay-type":"","overlay-color":"","overlay-opacity":"","overlay-gradient":""}},"ast-content-background-meta":{"desktop":{"background-color":"var(--ast-global-color-5)","background-image":"","background-repeat":"repeat","background-position":"center center","background-size":"auto","background-attachment":"scroll","background-type":"","background-media":"","overlay-type":"","overlay-color":"","overlay-opacity":"","overlay-gradient":""},"tablet":{"background-color":"var(--ast-global-color-5)","background-image":"","background-repeat":"repeat","background-position":"center center","background-size":"auto","background-attachment":"scroll","background-type":"","background-media":"","overlay-type":"","overlay-color":"","overlay-opacity":"","overlay-gradient":""},"mobile":{"background-color":"var(--ast-global-color-5)","background-image":"","background-repeat":"repeat","background-position":"center center","background-size":"auto","background-attachment":"scroll","background-type":"","background-media":"","overlay-type":"","overlay-color":"","overlay-opacity":"","overlay-gradient":""}}},"product_brand":[],"product_cat":[35,34],"product_tag":[],"class_list":{"0":"post-8016","1":"product","2":"type-product","3":"status-publish","4":"has-post-thumbnail","6":"product_cat-jeans","7":"product_cat-mujer","8":"desktop-align-left","9":"tablet-align-left","10":"mobile-align-left","12":"first","13":"instock","14":"taxable","15":"shipping-taxable","16":"purchasable","17":"product-type-variable"},"_links":{"self":[{"href":"https:\/\/c-curves.com\/en\/wp-json\/wp\/v2\/product\/8016","targetHints":{"allow":["GET"]}}],"collection":[{"href":"https:\/\/c-curves.com\/en\/wp-json\/wp\/v2\/product"}],"about":[{"href":"https:\/\/c-curves.com\/en\/wp-json\/wp\/v2\/types\/product"}],"replies":[{"embeddable":true,"href":"https:\/\/c-curves.com\/en\/wp-json\/wp\/v2\/comments?post=8016"}],"version-history":[{"count":1,"href":"https:\/\/c-curves.com\/en\/wp-json\/wp\/v2\/product\/8016\/revisions"}],"predecessor-version":[{"id":8025,"href":"https:\/\/c-curves.com\/en\/wp-json\/wp\/v2\/product\/8016\/revisions\/8025"}],"wp:featuredmedia":[{"embeddable":true,"href":"https:\/\/c-curves.com\/en\/wp-json\/wp\/v2\/media\/7269"}],"wp:attachment":[{"href":"https:\/\/c-curves.com\/en\/wp-json\/wp\/v2\/media?parent=8016"}],"wp:term":[{"taxonomy":"product_brand","embeddable":true,"href":"https:\/\/c-curves.com\/en\/wp-json\/wp\/v2\/product_brand?post=8016"},{"taxonomy":"product_cat","embeddable":true,"href":"https:\/\/c-curves.com\/en\/wp-json\/wp\/v2\/product_cat?post=8016"},{"taxonomy":"product_tag","embeddable":true,"href":"https:\/\/c-curves.com\/en\/wp-json\/wp\/v2\/product_tag?post=8016"}],"curies":[{"name":"wp","href":"https:\/\/api.w.org\/{rel}","templated":true}]}}