{"id":8260,"date":"2025-10-06T22:46:07","date_gmt":"2025-10-06T22:46:07","guid":{"rendered":"https:\/\/c-curves.com\/?post_type=product&#038;p=8260"},"modified":"2025-10-06T22:46:07","modified_gmt":"2025-10-06T22:46:07","slug":"conjunto-1102a","status":"publish","type":"product","link":"https:\/\/c-curves.com\/en\/product\/conjunto-1102a\/","title":{"rendered":"Conjunto 1102A"},"content":{"rendered":"<p>Combina elegancia y frescura con nuestros conjuntos dise\u00f1ados para mujeres aut\u00e9nticas y modernas. Con telas ligeras, cortes favorecedores y detalles \u00fanicos, son perfectos para destacar con estilo en cualquier ocasi\u00f3n. \u00a1Vers\u00e1tiles, c\u00f3modos y con ese toque juvenil que te hace brillar!<\/p>","protected":false},"excerpt":{"rendered":"<p>Estilo, comodidad y dise\u00f1o que realza tu figura. Perfectos para cualquier ocasi\u00f3n, con telas suaves y ajuste ideal.<\/p>","protected":false},"featured_media":8261,"comment_status":"open","ping_status":"closed","template":"","meta":{"site-sidebar-layout":"default","site-content-layout":"","ast-site-content-layout":"default","site-content-style":"default","site-sidebar-style":"default","ast-global-header-display":"","ast-banner-title-visibility":"","ast-main-header-display":"","ast-hfb-above-header-display":"","ast-hfb-below-header-display":"","ast-hfb-mobile-header-display":"","site-post-title":"","ast-breadcrumbs-content":"","ast-featured-img":"","footer-sml-layout":"","ast-disable-related-posts":"","theme-transparent-header-meta":"default","adv-header-id-meta":"","stick-header-meta":"","header-above-stick-meta":"","header-main-stick-meta":"","header-below-stick-meta":"","astra-migrate-meta-layouts":"set","ast-page-background-enabled":"default","ast-page-background-meta":{"desktop":{"background-color":"","background-image":"","background-repeat":"repeat","background-position":"center center","background-size":"auto","background-attachment":"scroll","background-type":"","background-media":"","overlay-type":"","overlay-color":"","overlay-opacity":"","overlay-gradient":""},"tablet":{"background-color":"","background-image":"","background-repeat":"repeat","background-position":"center center","background-size":"auto","background-attachment":"scroll","background-type":"","background-media":"","overlay-type":"","overlay-color":"","overlay-opacity":"","overlay-gradient":""},"mobile":{"background-color":"","background-image":"","background-repeat":"repeat","background-position":"center center","background-size":"auto","background-attachment":"scroll","background-type":"","background-media":"","overlay-type":"","overlay-color":"","overlay-opacity":"","overlay-gradient":""}},"ast-content-background-meta":{"desktop":{"background-color":"var(--ast-global-color-5)","background-image":"","background-repeat":"repeat","background-position":"center center","background-size":"auto","background-attachment":"scroll","background-type":"","background-media":"","overlay-type":"","overlay-color":"","overlay-opacity":"","overlay-gradient":""},"tablet":{"background-color":"var(--ast-global-color-5)","background-image":"","background-repeat":"repeat","background-position":"center center","background-size":"auto","background-attachment":"scroll","background-type":"","background-media":"","overlay-type":"","overlay-color":"","overlay-opacity":"","overlay-gradient":""},"mobile":{"background-color":"var(--ast-global-color-5)","background-image":"","background-repeat":"repeat","background-position":"center center","background-size":"auto","background-attachment":"scroll","background-type":"","background-media":"","overlay-type":"","overlay-color":"","overlay-opacity":"","overlay-gradient":""}}},"product_brand":[85],"product_cat":[113,34],"product_tag":[114],"class_list":{"0":"post-8260","1":"product","2":"type-product","3":"status-publish","4":"has-post-thumbnail","6":"product_brand-caroline-curves","7":"product_cat-conjuntos","8":"product_cat-mujer","9":"product_tag-conjuntos","10":"desktop-align-left","11":"tablet-align-left","12":"mobile-align-left","14":"first","15":"instock","16":"taxable","17":"shipping-taxable","18":"purchasable","19":"product-type-variable"},"_links":{"self":[{"href":"https:\/\/c-curves.com\/en\/wp-json\/wp\/v2\/product\/8260","targetHints":{"allow":["GET"]}}],"collection":[{"href":"https:\/\/c-curves.com\/en\/wp-json\/wp\/v2\/product"}],"about":[{"href":"https:\/\/c-curves.com\/en\/wp-json\/wp\/v2\/types\/product"}],"replies":[{"embeddable":true,"href":"https:\/\/c-curves.com\/en\/wp-json\/wp\/v2\/comments?post=8260"}],"version-history":[{"count":1,"href":"https:\/\/c-curves.com\/en\/wp-json\/wp\/v2\/product\/8260\/revisions"}],"predecessor-version":[{"id":8264,"href":"https:\/\/c-curves.com\/en\/wp-json\/wp\/v2\/product\/8260\/revisions\/8264"}],"wp:featuredmedia":[{"embeddable":true,"href":"https:\/\/c-curves.com\/en\/wp-json\/wp\/v2\/media\/8261"}],"wp:attachment":[{"href":"https:\/\/c-curves.com\/en\/wp-json\/wp\/v2\/media?parent=8260"}],"wp:term":[{"taxonomy":"product_brand","embeddable":true,"href":"https:\/\/c-curves.com\/en\/wp-json\/wp\/v2\/product_brand?post=8260"},{"taxonomy":"product_cat","embeddable":true,"href":"https:\/\/c-curves.com\/en\/wp-json\/wp\/v2\/product_cat?post=8260"},{"taxonomy":"product_tag","embeddable":true,"href":"https:\/\/c-curves.com\/en\/wp-json\/wp\/v2\/product_tag?post=8260"}],"curies":[{"name":"wp","href":"https:\/\/api.w.org\/{rel}","templated":true}]}}