{"id":8329,"date":"2025-10-09T13:41:48","date_gmt":"2025-10-09T13:41:48","guid":{"rendered":"https:\/\/c-curves.com\/?post_type=product&#038;p=8329"},"modified":"2025-10-09T14:02:35","modified_gmt":"2025-10-09T14:02:35","slug":"jeans-01796d","status":"publish","type":"product","link":"https:\/\/c-curves.com\/en\/product\/jeans-01796d\/","title":{"rendered":"Jeans 01796D"},"content":{"rendered":"<p data-start=\"0\" data-end=\"50\"><strong data-start=\"2\" data-end=\"46\">Nueva Colecci\u00f3n de Jeans Caroline Curves<\/strong> \u2728<\/p>\n<p data-start=\"52\" data-end=\"388\">Descubre la nueva colecci\u00f3n de jeans Caroline Curves: una fusi\u00f3n perfecta entre <strong data-start=\"132\" data-end=\"173\">comodidad, dise\u00f1o y estilo colombiano<\/strong>. Confeccionados en <strong data-start=\"193\" data-end=\"228\">material strech de alta calidad<\/strong>, ofrecen un <strong data-start=\"241\" data-end=\"260\">ajuste perfecto<\/strong>, realzan tu figura con su <strong data-start=\"287\" data-end=\"310\">efecto levanta cola<\/strong> y brindan un <strong data-start=\"324\" data-end=\"362\">control ideal en abdomen y cintura<\/strong> gracias a su tiro alto.<\/p>\n<p data-start=\"390\" data-end=\"621\">Cada dise\u00f1o refleja elegancia y versatilidad \u2014 ideales para lucir incre\u00edble en cualquier ocasi\u00f3n. Ya sea para un look casual o algo m\u00e1s sofisticado, nuestros jeans te har\u00e1n sentir segura, moderna y con un toque de poder femenino.<\/p>\n<p data-start=\"623\" data-end=\"709\" data-is-last-node=\"\" data-is-only-node=\"\">\ud83d\udc96 <strong data-start=\"626\" data-end=\"709\" data-is-last-node=\"\">Caroline Curves \u2014 Hechos para abrazar tus curvas y resaltar tu belleza natural.<\/strong><\/p>","protected":false},"excerpt":{"rendered":"<p><strong data-start=\"2\" data-end=\"28\">Jeans Caroline Curves:<\/strong> tiro alto, efecto levanta cola y material strech que moldea y realza tu figura con comodidad y estilo colombiano.<\/p>","protected":false},"featured_media":8330,"comment_status":"open","ping_status":"closed","template":"","meta":{"site-sidebar-layout":"default","site-content-layout":"","ast-site-content-layout":"default","site-content-style":"default","site-sidebar-style":"default","ast-global-header-display":"","ast-banner-title-visibility":"","ast-main-header-display":"","ast-hfb-above-header-display":"","ast-hfb-below-header-display":"","ast-hfb-mobile-header-display":"","site-post-title":"","ast-breadcrumbs-content":"","ast-featured-img":"","footer-sml-layout":"","ast-disable-related-posts":"","theme-transparent-header-meta":"default","adv-header-id-meta":"","stick-header-meta":"","header-above-stick-meta":"","header-main-stick-meta":"","header-below-stick-meta":"","astra-migrate-meta-layouts":"set","ast-page-background-enabled":"default","ast-page-background-meta":{"desktop":{"background-color":"","background-image":"","background-repeat":"repeat","background-position":"center center","background-size":"auto","background-attachment":"scroll","background-type":"","background-media":"","overlay-type":"","overlay-color":"","overlay-opacity":"","overlay-gradient":""},"tablet":{"background-color":"","background-image":"","background-repeat":"repeat","background-position":"center center","background-size":"auto","background-attachment":"scroll","background-type":"","background-media":"","overlay-type":"","overlay-color":"","overlay-opacity":"","overlay-gradient":""},"mobile":{"background-color":"","background-image":"","background-repeat":"repeat","background-position":"center center","background-size":"auto","background-attachment":"scroll","background-type":"","background-media":"","overlay-type":"","overlay-color":"","overlay-opacity":"","overlay-gradient":""}},"ast-content-background-meta":{"desktop":{"background-color":"var(--ast-global-color-5)","background-image":"","background-repeat":"repeat","background-position":"center center","background-size":"auto","background-attachment":"scroll","background-type":"","background-media":"","overlay-type":"","overlay-color":"","overlay-opacity":"","overlay-gradient":""},"tablet":{"background-color":"var(--ast-global-color-5)","background-image":"","background-repeat":"repeat","background-position":"center center","background-size":"auto","background-attachment":"scroll","background-type":"","background-media":"","overlay-type":"","overlay-color":"","overlay-opacity":"","overlay-gradient":""},"mobile":{"background-color":"var(--ast-global-color-5)","background-image":"","background-repeat":"repeat","background-position":"center center","background-size":"auto","background-attachment":"scroll","background-type":"","background-media":"","overlay-type":"","overlay-color":"","overlay-opacity":"","overlay-gradient":""}}},"product_brand":[85],"product_cat":[35,34],"product_tag":[118],"class_list":{"0":"post-8329","1":"product","2":"type-product","3":"status-publish","4":"has-post-thumbnail","6":"product_brand-caroline-curves","7":"product_cat-jeans","8":"product_cat-mujer","9":"product_tag-jeans","10":"desktop-align-left","11":"tablet-align-left","12":"mobile-align-left","14":"first","15":"instock","16":"taxable","17":"shipping-taxable","18":"purchasable","19":"product-type-variable"},"_links":{"self":[{"href":"https:\/\/c-curves.com\/en\/wp-json\/wp\/v2\/product\/8329","targetHints":{"allow":["GET"]}}],"collection":[{"href":"https:\/\/c-curves.com\/en\/wp-json\/wp\/v2\/product"}],"about":[{"href":"https:\/\/c-curves.com\/en\/wp-json\/wp\/v2\/types\/product"}],"replies":[{"embeddable":true,"href":"https:\/\/c-curves.com\/en\/wp-json\/wp\/v2\/comments?post=8329"}],"version-history":[{"count":1,"href":"https:\/\/c-curves.com\/en\/wp-json\/wp\/v2\/product\/8329\/revisions"}],"predecessor-version":[{"id":8336,"href":"https:\/\/c-curves.com\/en\/wp-json\/wp\/v2\/product\/8329\/revisions\/8336"}],"wp:featuredmedia":[{"embeddable":true,"href":"https:\/\/c-curves.com\/en\/wp-json\/wp\/v2\/media\/8330"}],"wp:attachment":[{"href":"https:\/\/c-curves.com\/en\/wp-json\/wp\/v2\/media?parent=8329"}],"wp:term":[{"taxonomy":"product_brand","embeddable":true,"href":"https:\/\/c-curves.com\/en\/wp-json\/wp\/v2\/product_brand?post=8329"},{"taxonomy":"product_cat","embeddable":true,"href":"https:\/\/c-curves.com\/en\/wp-json\/wp\/v2\/product_cat?post=8329"},{"taxonomy":"product_tag","embeddable":true,"href":"https:\/\/c-curves.com\/en\/wp-json\/wp\/v2\/product_tag?post=8329"}],"curies":[{"name":"wp","href":"https:\/\/api.w.org\/{rel}","templated":true}]}}