{"id":8431,"date":"2026-01-28T22:03:35","date_gmt":"2026-01-28T22:03:35","guid":{"rendered":"https:\/\/c-curves.com\/?post_type=product&#038;p=8431"},"modified":"2026-01-28T22:03:48","modified_gmt":"2026-01-28T22:03:48","slug":"jeans-vso-01803b","status":"publish","type":"product","link":"https:\/\/c-curves.com\/en\/product\/jeans-vso-01803b\/","title":{"rendered":"Jeans VSO 01803b"},"content":{"rendered":"<p>Descubre la nueva colecci\u00f3n de jeans Caroline Curves: una fusi\u00f3n perfecta entre comodidad, dise\u00f1o y estilo colombiano. Confeccionados en material strech de alta calidad, ofrecen un ajuste perfecto, realzan tu figura con su efecto levanta cola y brindan un control ideal en abdomen y cintura gracias a su tiro alto.<\/p>\n<p>Cada dise\u00f1o refleja elegancia y versatilidad \u2014 ideales para lucir incre\u00edble en cualquier ocasi\u00f3n. Ya sea para un look casual o algo m\u00e1s sofisticado, nuestros jeans te har\u00e1n sentir segura, moderna y con un toque de poder femenino.<\/p>\n<p>\ud83d\udc96 Caroline Curves \u2014 Hechos para abrazar tus curvas y resaltar tu belleza natural.<\/p>","protected":false},"excerpt":{"rendered":"<p>Jeans Colombiano VSO: tiro alto, efecto levanta cola y material strech que moldea y realza tu figura con comodidad y estilo colombiano.<\/p>","protected":false},"featured_media":8432,"comment_status":"open","ping_status":"closed","template":"","meta":{"site-sidebar-layout":"default","site-content-layout":"","ast-site-content-layout":"default","site-content-style":"default","site-sidebar-style":"default","ast-global-header-display":"","ast-banner-title-visibility":"","ast-main-header-display":"","ast-hfb-above-header-display":"","ast-hfb-below-header-display":"","ast-hfb-mobile-header-display":"","site-post-title":"","ast-breadcrumbs-content":"","ast-featured-img":"","footer-sml-layout":"","ast-disable-related-posts":"","theme-transparent-header-meta":"default","adv-header-id-meta":"","stick-header-meta":"","header-above-stick-meta":"","header-main-stick-meta":"","header-below-stick-meta":"","astra-migrate-meta-layouts":"set","ast-page-background-enabled":"default","ast-page-background-meta":{"desktop":{"background-color":"","background-image":"","background-repeat":"repeat","background-position":"center center","background-size":"auto","background-attachment":"scroll","background-type":"","background-media":"","overlay-type":"","overlay-color":"","overlay-opacity":"","overlay-gradient":""},"tablet":{"background-color":"","background-image":"","background-repeat":"repeat","background-position":"center center","background-size":"auto","background-attachment":"scroll","background-type":"","background-media":"","overlay-type":"","overlay-color":"","overlay-opacity":"","overlay-gradient":""},"mobile":{"background-color":"","background-image":"","background-repeat":"repeat","background-position":"center center","background-size":"auto","background-attachment":"scroll","background-type":"","background-media":"","overlay-type":"","overlay-color":"","overlay-opacity":"","overlay-gradient":""}},"ast-content-background-meta":{"desktop":{"background-color":"var(--ast-global-color-5)","background-image":"","background-repeat":"repeat","background-position":"center center","background-size":"auto","background-attachment":"scroll","background-type":"","background-media":"","overlay-type":"","overlay-color":"","overlay-opacity":"","overlay-gradient":""},"tablet":{"background-color":"var(--ast-global-color-5)","background-image":"","background-repeat":"repeat","background-position":"center center","background-size":"auto","background-attachment":"scroll","background-type":"","background-media":"","overlay-type":"","overlay-color":"","overlay-opacity":"","overlay-gradient":""},"mobile":{"background-color":"var(--ast-global-color-5)","background-image":"","background-repeat":"repeat","background-position":"center center","background-size":"auto","background-attachment":"scroll","background-type":"","background-media":"","overlay-type":"","overlay-color":"","overlay-opacity":"","overlay-gradient":""}}},"product_brand":[119],"product_cat":[35,34],"product_tag":[37],"class_list":{"0":"post-8431","1":"product","2":"type-product","3":"status-publish","4":"has-post-thumbnail","6":"product_brand-vso","7":"product_cat-jeans","8":"product_cat-mujer","9":"product_tag-jeans-mujer","10":"desktop-align-left","11":"tablet-align-left","12":"mobile-align-left","14":"first","15":"instock","16":"taxable","17":"shipping-taxable","18":"purchasable","19":"product-type-variable"},"_links":{"self":[{"href":"https:\/\/c-curves.com\/en\/wp-json\/wp\/v2\/product\/8431","targetHints":{"allow":["GET"]}}],"collection":[{"href":"https:\/\/c-curves.com\/en\/wp-json\/wp\/v2\/product"}],"about":[{"href":"https:\/\/c-curves.com\/en\/wp-json\/wp\/v2\/types\/product"}],"replies":[{"embeddable":true,"href":"https:\/\/c-curves.com\/en\/wp-json\/wp\/v2\/comments?post=8431"}],"version-history":[{"count":1,"href":"https:\/\/c-curves.com\/en\/wp-json\/wp\/v2\/product\/8431\/revisions"}],"predecessor-version":[{"id":8438,"href":"https:\/\/c-curves.com\/en\/wp-json\/wp\/v2\/product\/8431\/revisions\/8438"}],"wp:featuredmedia":[{"embeddable":true,"href":"https:\/\/c-curves.com\/en\/wp-json\/wp\/v2\/media\/8432"}],"wp:attachment":[{"href":"https:\/\/c-curves.com\/en\/wp-json\/wp\/v2\/media?parent=8431"}],"wp:term":[{"taxonomy":"product_brand","embeddable":true,"href":"https:\/\/c-curves.com\/en\/wp-json\/wp\/v2\/product_brand?post=8431"},{"taxonomy":"product_cat","embeddable":true,"href":"https:\/\/c-curves.com\/en\/wp-json\/wp\/v2\/product_cat?post=8431"},{"taxonomy":"product_tag","embeddable":true,"href":"https:\/\/c-curves.com\/en\/wp-json\/wp\/v2\/product_tag?post=8431"}],"curies":[{"name":"wp","href":"https:\/\/api.w.org\/{rel}","templated":true}]}}